{"id":7094,"date":"2022-02-04T09:14:02","date_gmt":"2022-02-04T08:14:02","guid":{"rendered":"https:\/\/swiss-administration-rpa.ch\/anwendungsfaelle\/"},"modified":"2022-02-18T10:23:47","modified_gmt":"2022-02-18T09:23:47","slug":"anwendungsfaelle","status":"publish","type":"page","link":"https:\/\/swiss-administration-rpa.ch\/de\/anwendungsfaelle\/","title":{"rendered":"Anwendungsf\u00e4lle"},"content":{"rendered":"\t\t<div data-elementor-type=\"wp-page\" data-elementor-id=\"7094\" class=\"elementor elementor-7094\" data-elementor-post-type=\"page\">\n\t\t\t\t\t\t<section class=\"elementor-section elementor-top-section elementor-element elementor-element-59855e05 elementor-section-height-min-height elementor-section-boxed elementor-section-height-default elementor-section-items-middle\" data-id=\"59855e05\" data-element_type=\"section\" data-e-type=\"section\" data-settings=\"{&quot;background_background&quot;:&quot;slideshow&quot;,&quot;background_slideshow_gallery&quot;:[{&quot;id&quot;:6149,&quot;url&quot;:&quot;https:\\\/\\\/swiss-administration-rpa.ch\\\/wp-content\\\/uploads\\\/2022\\\/02\\\/use-case-copie.jpg&quot;},{&quot;id&quot;:6150,&quot;url&quot;:&quot;https:\\\/\\\/swiss-administration-rpa.ch\\\/wp-content\\\/uploads\\\/2022\\\/02\\\/use-case.jpg&quot;}],&quot;background_slideshow_slide_duration&quot;:8000,&quot;background_slideshow_transition_duration&quot;:1000,&quot;background_slideshow_ken_burns&quot;:&quot;yes&quot;,&quot;shape_divider_bottom&quot;:&quot;tilt&quot;,&quot;background_slideshow_loop&quot;:&quot;yes&quot;,&quot;background_slideshow_slide_transition&quot;:&quot;fade&quot;,&quot;background_slideshow_ken_burns_zoom_direction&quot;:&quot;in&quot;}\">\n\t\t\t\t\t<div class=\"elementor-shape elementor-shape-bottom\" aria-hidden=\"true\" data-negative=\"false\">\n\t\t\t<svg xmlns=\"http:\/\/www.w3.org\/2000\/svg\" viewBox=\"0 0 1000 100\" preserveAspectRatio=\"none\">\n\t<path class=\"elementor-shape-fill\" d=\"M0,6V0h1000v100L0,6z\"\/>\n<\/svg>\t\t<\/div>\n\t\t\t\t\t<div class=\"elementor-container elementor-column-gap-default\">\n\t\t\t\t\t<div class=\"elementor-column elementor-col-100 elementor-top-column elementor-element elementor-element-2baa1e4e elementor-invisible\" data-id=\"2baa1e4e\" data-element_type=\"column\" data-e-type=\"column\" data-settings=\"{&quot;animation&quot;:&quot;fadeInUp&quot;}\">\n\t\t\t<div class=\"elementor-widget-wrap elementor-element-populated\">\n\t\t\t\t\t\t<div class=\"elementor-element elementor-element-aeaab08 elementor-widget elementor-widget-heading\" data-id=\"aeaab08\" data-element_type=\"widget\" data-e-type=\"widget\" data-widget_type=\"heading.default\">\n\t\t\t\t<div class=\"elementor-widget-container\">\n\t\t\t\t\t<h4 class=\"elementor-heading-title elementor-size-default\">Die Zukunft geh\u00f6rt denen, die fr\u00fch automatisieren.<\/h4>\t\t\t\t<\/div>\n\t\t\t\t<\/div>\n\t\t\t\t\t<\/div>\n\t\t<\/div>\n\t\t\t\t\t<\/div>\n\t\t<\/section>\n\t\t\t\t<section class=\"elementor-section elementor-top-section elementor-element elementor-element-2e64b917 elementor-section-content-middle elementor-section-boxed elementor-section-height-default elementor-section-height-default\" data-id=\"2e64b917\" data-element_type=\"section\" data-e-type=\"section\">\n\t\t\t\t\t\t<div class=\"elementor-container elementor-column-gap-no\">\n\t\t\t\t\t<div class=\"elementor-column elementor-col-100 elementor-top-column elementor-element elementor-element-7af5933b\" data-id=\"7af5933b\" data-element_type=\"column\" data-e-type=\"column\">\n\t\t\t<div class=\"elementor-widget-wrap elementor-element-populated\">\n\t\t\t\t\t\t<div class=\"elementor-element elementor-element-cc8d8e0 elementor-widget elementor-widget-heading\" data-id=\"cc8d8e0\" data-element_type=\"widget\" data-e-type=\"widget\" data-widget_type=\"heading.default\">\n\t\t\t\t<div class=\"elementor-widget-container\">\n\t\t\t\t\t<h2 class=\"elementor-heading-title elementor-size-default\">RPA-Anwendungsf\u00e4lle<\/h2>\t\t\t\t<\/div>\n\t\t\t\t<\/div>\n\t\t\t\t<div class=\"elementor-element elementor-element-e9cc1a6 elementor-widget elementor-widget-text-editor\" data-id=\"e9cc1a6\" data-element_type=\"widget\" data-e-type=\"widget\" data-settings=\"{&quot;_animation_tablet&quot;:&quot;none&quot;,&quot;_animation_mobile&quot;:&quot;none&quot;}\" data-widget_type=\"text-editor.default\">\n\t\t\t\t<div class=\"elementor-widget-container\">\n\t\t\t\t\t\t\t\t\t<p>Finden Sie hier die neuesten Anwendungsf\u00e4lle von RPA mit \u00f6ffentlichen Verwaltungen:<\/p>\t\t\t\t\t\t\t\t<\/div>\n\t\t\t\t<\/div>\n\t\t\t\t<div class=\"elementor-element elementor-element-74917fe elementor-grid-2 elementor-grid-tablet-2 elementor-grid-mobile-1 elementor-posts--thumbnail-top elementor-card-shadow-yes elementor-posts__hover-gradient elementor-widget elementor-widget-posts\" data-id=\"74917fe\" data-element_type=\"widget\" data-e-type=\"widget\" data-settings=\"{&quot;cards_columns&quot;:&quot;2&quot;,&quot;pagination_type&quot;:&quot;load_more_infinite_scroll&quot;,&quot;cards_columns_tablet&quot;:&quot;2&quot;,&quot;cards_columns_mobile&quot;:&quot;1&quot;,&quot;cards_row_gap&quot;:{&quot;unit&quot;:&quot;px&quot;,&quot;size&quot;:35,&quot;sizes&quot;:[]},&quot;cards_row_gap_tablet&quot;:{&quot;unit&quot;:&quot;px&quot;,&quot;size&quot;:&quot;&quot;,&quot;sizes&quot;:[]},&quot;cards_row_gap_mobile&quot;:{&quot;unit&quot;:&quot;px&quot;,&quot;size&quot;:&quot;&quot;,&quot;sizes&quot;:[]},&quot;load_more_spinner&quot;:{&quot;value&quot;:&quot;fas fa-spinner&quot;,&quot;library&quot;:&quot;fa-solid&quot;}}\" data-widget_type=\"posts.cards\">\n\t\t\t\t<div class=\"elementor-widget-container\">\n\t\t\t\t\t\t\t<div class=\"elementor-posts-container elementor-posts elementor-posts--skin-cards elementor-grid\" role=\"list\">\n\t\t\t\t<article class=\"elementor-post elementor-grid-item post-7183 post type-post status-publish format-standard has-post-thumbnail hentry category-offentliche-verwaltung category-unkategorisiert tag-samantha-de\" role=\"listitem\">\n\t\t\t<div class=\"elementor-post__card\">\n\t\t\t\t<a class=\"elementor-post__thumbnail__link\" href=\"https:\/\/swiss-administration-rpa.ch\/de\/die-gemeinde-courgenay-ist-vorreiter-beim-einsatz-von-virtuellen-uipath-robotern-in-der-schweiz\/\" tabindex=\"-1\"><div class=\"elementor-post__thumbnail\"><img fetchpriority=\"high\" decoding=\"async\" width=\"2560\" height=\"1707\" src=\"https:\/\/swiss-administration-rpa.ch\/wp-content\/uploads\/2021\/05\/Sans-titre-4_0000_AdobeStock_127428766.jpg\" class=\"attachment-full size-full wp-image-6791\" alt=\"\" srcset=\"https:\/\/swiss-administration-rpa.ch\/wp-content\/uploads\/2021\/05\/Sans-titre-4_0000_AdobeStock_127428766.jpg 2560w, https:\/\/swiss-administration-rpa.ch\/wp-content\/uploads\/2021\/05\/Sans-titre-4_0000_AdobeStock_127428766-300x200.jpg 300w, https:\/\/swiss-administration-rpa.ch\/wp-content\/uploads\/2021\/05\/Sans-titre-4_0000_AdobeStock_127428766-1024x683.jpg 1024w, https:\/\/swiss-administration-rpa.ch\/wp-content\/uploads\/2021\/05\/Sans-titre-4_0000_AdobeStock_127428766-768x512.jpg 768w, https:\/\/swiss-administration-rpa.ch\/wp-content\/uploads\/2021\/05\/Sans-titre-4_0000_AdobeStock_127428766-1536x1024.jpg 1536w, https:\/\/swiss-administration-rpa.ch\/wp-content\/uploads\/2021\/05\/Sans-titre-4_0000_AdobeStock_127428766-2048x1366.jpg 2048w\" sizes=\"(max-width: 2560px) 100vw, 2560px\" \/><\/div><\/a>\n\t\t\t\t<div class=\"elementor-post__badge\">\u00d6ffentliche Verwaltung<\/div>\n\t\t\t\t<div class=\"elementor-post__text\">\n\t\t\t\t<h3 class=\"elementor-post__title\">\n\t\t\t<a href=\"https:\/\/swiss-administration-rpa.ch\/de\/die-gemeinde-courgenay-ist-vorreiter-beim-einsatz-von-virtuellen-uipath-robotern-in-der-schweiz\/\">\n\t\t\t\tDie Gemeinde Courgenay ist Vorreiter beim Einsatz von virtuellen UiPath-Robotern in der Schweiz.\t\t\t<\/a>\n\t\t<\/h3>\n\t\t\t\t<div class=\"elementor-post__excerpt\">\n\t\t\t<p>Die digitale Transformation betrifft auch unsere Kommunalverwaltungen. Das im Jura ans\u00e4ssige Unternehmen Digital Solutions SA, ein f\u00fchrendes Unternehmen im Bereich Robotic Process Automation (kurz: RPA<\/p>\n\t\t<\/div>\n\t\t\n\t\t<a class=\"elementor-post__read-more\" href=\"https:\/\/swiss-administration-rpa.ch\/de\/die-gemeinde-courgenay-ist-vorreiter-beim-einsatz-von-virtuellen-uipath-robotern-in-der-schweiz\/\" aria-label=\"Mehr \u00fcber Die Gemeinde Courgenay ist Vorreiter beim Einsatz von virtuellen UiPath-Robotern in der Schweiz.\" tabindex=\"-1\">\n\t\t\tWeiterlesen \"\t\t<\/a>\n\n\t\t\t\t<\/div>\n\t\t\t\t\t<\/div>\n\t\t<\/article>\n\t\t\t\t<article class=\"elementor-post elementor-grid-item post-7166 post type-post status-publish format-standard has-post-thumbnail hentry category-offentliche-verwaltung category-unkategorisiert tag-marketing-de\" role=\"listitem\">\n\t\t\t<div class=\"elementor-post__card\">\n\t\t\t\t<a class=\"elementor-post__thumbnail__link\" href=\"https:\/\/swiss-administration-rpa.ch\/de\/rpa-im-oeffentlichen-sektor-uipath-hilft-schwedischen-buergern-ihre-autonomie-wiederzuerlangen\/\" tabindex=\"-1\"><div class=\"elementor-post__thumbnail\"><img decoding=\"async\" width=\"2560\" height=\"1707\" src=\"https:\/\/swiss-administration-rpa.ch\/wp-content\/uploads\/2022\/02\/Sans-titre-4_0004_AdobeStock_188440695_0001_AdobeStock_481213792.jpg\" class=\"attachment-full size-full wp-image-6871\" alt=\"\" srcset=\"https:\/\/swiss-administration-rpa.ch\/wp-content\/uploads\/2022\/02\/Sans-titre-4_0004_AdobeStock_188440695_0001_AdobeStock_481213792.jpg 2560w, https:\/\/swiss-administration-rpa.ch\/wp-content\/uploads\/2022\/02\/Sans-titre-4_0004_AdobeStock_188440695_0001_AdobeStock_481213792-300x200.jpg 300w, https:\/\/swiss-administration-rpa.ch\/wp-content\/uploads\/2022\/02\/Sans-titre-4_0004_AdobeStock_188440695_0001_AdobeStock_481213792-1024x683.jpg 1024w, https:\/\/swiss-administration-rpa.ch\/wp-content\/uploads\/2022\/02\/Sans-titre-4_0004_AdobeStock_188440695_0001_AdobeStock_481213792-768x512.jpg 768w, https:\/\/swiss-administration-rpa.ch\/wp-content\/uploads\/2022\/02\/Sans-titre-4_0004_AdobeStock_188440695_0001_AdobeStock_481213792-1536x1024.jpg 1536w, https:\/\/swiss-administration-rpa.ch\/wp-content\/uploads\/2022\/02\/Sans-titre-4_0004_AdobeStock_188440695_0001_AdobeStock_481213792-2048x1366.jpg 2048w\" sizes=\"(max-width: 2560px) 100vw, 2560px\" \/><\/div><\/a>\n\t\t\t\t<div class=\"elementor-post__badge\">\u00d6ffentliche Verwaltung<\/div>\n\t\t\t\t<div class=\"elementor-post__text\">\n\t\t\t\t<h3 class=\"elementor-post__title\">\n\t\t\t<a href=\"https:\/\/swiss-administration-rpa.ch\/de\/rpa-im-oeffentlichen-sektor-uipath-hilft-schwedischen-buergern-ihre-autonomie-wiederzuerlangen\/\">\n\t\t\t\tRPA im \u00f6ffentlichen Sektor: Die Autonomie der Schweden dank UiPath zur\u00fcckgewonnen\t\t\t<\/a>\n\t\t<\/h3>\n\t\t\t\t<div class=\"elementor-post__excerpt\">\n\t\t\t<p>Die Abteilung f\u00fcr soziale Angelegenheiten der Gemeinde Trelleborg nutzte die UiPath-Plattform, um kritische Entscheidungsprozesse in der Sozialf\u00fcrsorge zu automatisieren. Diese Entscheidung hat die Service-Reaktionszeiten erheblich<\/p>\n\t\t<\/div>\n\t\t\n\t\t<a class=\"elementor-post__read-more\" href=\"https:\/\/swiss-administration-rpa.ch\/de\/rpa-im-oeffentlichen-sektor-uipath-hilft-schwedischen-buergern-ihre-autonomie-wiederzuerlangen\/\" aria-label=\"Mehr \u00fcber RPA im \u00f6ffentlichen Sektor: Die Autonomie der Schweden dank UiPath zur\u00fcckgewonnen\" tabindex=\"-1\">\n\t\t\tWeiterlesen \"\t\t<\/a>\n\n\t\t\t\t<\/div>\n\t\t\t\t\t<\/div>\n\t\t<\/article>\n\t\t\t\t<article class=\"elementor-post elementor-grid-item post-7150 post type-post status-publish format-standard has-post-thumbnail hentry category-offentliche-verwaltung category-unkategorisiert tag-madison-de\" role=\"listitem\">\n\t\t\t<div class=\"elementor-post__card\">\n\t\t\t\t<a class=\"elementor-post__thumbnail__link\" href=\"https:\/\/swiss-administration-rpa.ch\/de\/rpa-verbessert-das-leben-von-mitarbeitern-und-buergern-der-stadt-kopenhagen\/\" tabindex=\"-1\"><div class=\"elementor-post__thumbnail\"><img decoding=\"async\" width=\"2560\" height=\"1707\" src=\"https:\/\/swiss-administration-rpa.ch\/wp-content\/uploads\/2021\/05\/Sans-titre-4_0002_AdobeStock_216431462.jpg\" class=\"attachment-full size-full wp-image-6787\" alt=\"\" srcset=\"https:\/\/swiss-administration-rpa.ch\/wp-content\/uploads\/2021\/05\/Sans-titre-4_0002_AdobeStock_216431462.jpg 2560w, https:\/\/swiss-administration-rpa.ch\/wp-content\/uploads\/2021\/05\/Sans-titre-4_0002_AdobeStock_216431462-300x200.jpg 300w, https:\/\/swiss-administration-rpa.ch\/wp-content\/uploads\/2021\/05\/Sans-titre-4_0002_AdobeStock_216431462-1024x683.jpg 1024w, https:\/\/swiss-administration-rpa.ch\/wp-content\/uploads\/2021\/05\/Sans-titre-4_0002_AdobeStock_216431462-768x512.jpg 768w, https:\/\/swiss-administration-rpa.ch\/wp-content\/uploads\/2021\/05\/Sans-titre-4_0002_AdobeStock_216431462-1536x1024.jpg 1536w, https:\/\/swiss-administration-rpa.ch\/wp-content\/uploads\/2021\/05\/Sans-titre-4_0002_AdobeStock_216431462-2048x1366.jpg 2048w\" sizes=\"(max-width: 2560px) 100vw, 2560px\" \/><\/div><\/a>\n\t\t\t\t<div class=\"elementor-post__badge\">\u00d6ffentliche Verwaltung<\/div>\n\t\t\t\t<div class=\"elementor-post__text\">\n\t\t\t\t<h3 class=\"elementor-post__title\">\n\t\t\t<a href=\"https:\/\/swiss-administration-rpa.ch\/de\/rpa-verbessert-das-leben-von-mitarbeitern-und-buergern-der-stadt-kopenhagen\/\">\n\t\t\t\tDie Lebensqualit\u00e4t der Einwohner und Mitarbeiter Kopenhagens wurde mit RPA verbessert\t\t\t<\/a>\n\t\t<\/h3>\n\t\t\t\t<div class=\"elementor-post__excerpt\">\n\t\t\t<p>RPA und UiPath wurden vom Kopenhagener Stadtrat ausgew\u00e4hlt. Da die Stadt extrem schnell w\u00e4chst, ist RPA eine ideale Technologie, da sie es Kopenhagen erm\u00f6glicht, seine<\/p>\n\t\t<\/div>\n\t\t\n\t\t<a class=\"elementor-post__read-more\" href=\"https:\/\/swiss-administration-rpa.ch\/de\/rpa-verbessert-das-leben-von-mitarbeitern-und-buergern-der-stadt-kopenhagen\/\" aria-label=\"Mehr \u00fcber Die Lebensqualit\u00e4t der Einwohner und Mitarbeiter Kopenhagens wurde mit RPA verbessert\" tabindex=\"-1\">\n\t\t\tWeiterlesen \"\t\t<\/a>\n\n\t\t\t\t<\/div>\n\t\t\t\t\t<\/div>\n\t\t<\/article>\n\t\t\t\t<article class=\"elementor-post elementor-grid-item post-7172 post type-post status-publish format-standard has-post-thumbnail hentry category-offentliche-verwaltung category-unkategorisiert tag-isabelle\" role=\"listitem\">\n\t\t\t<div class=\"elementor-post__card\">\n\t\t\t\t<a class=\"elementor-post__thumbnail__link\" href=\"https:\/\/swiss-administration-rpa.ch\/de\/die-bezirksverwaltung-maehrisch-schlesien-spart-durch-die-einfuehrung-von-rpa-8-000-stunden-pro-jahr-ein\/\" tabindex=\"-1\"><div class=\"elementor-post__thumbnail\"><img loading=\"lazy\" decoding=\"async\" width=\"2560\" height=\"1707\" src=\"https:\/\/swiss-administration-rpa.ch\/wp-content\/uploads\/2021\/05\/Sans-titre-4_0003_AdobeStock_361197449.jpg\" class=\"attachment-full size-full wp-image-6785\" alt=\"\" srcset=\"https:\/\/swiss-administration-rpa.ch\/wp-content\/uploads\/2021\/05\/Sans-titre-4_0003_AdobeStock_361197449.jpg 2560w, https:\/\/swiss-administration-rpa.ch\/wp-content\/uploads\/2021\/05\/Sans-titre-4_0003_AdobeStock_361197449-300x200.jpg 300w, https:\/\/swiss-administration-rpa.ch\/wp-content\/uploads\/2021\/05\/Sans-titre-4_0003_AdobeStock_361197449-1024x683.jpg 1024w, https:\/\/swiss-administration-rpa.ch\/wp-content\/uploads\/2021\/05\/Sans-titre-4_0003_AdobeStock_361197449-768x512.jpg 768w, https:\/\/swiss-administration-rpa.ch\/wp-content\/uploads\/2021\/05\/Sans-titre-4_0003_AdobeStock_361197449-1536x1024.jpg 1536w, https:\/\/swiss-administration-rpa.ch\/wp-content\/uploads\/2021\/05\/Sans-titre-4_0003_AdobeStock_361197449-2048x1366.jpg 2048w\" sizes=\"(max-width: 2560px) 100vw, 2560px\" \/><\/div><\/a>\n\t\t\t\t<div class=\"elementor-post__badge\">\u00d6ffentliche Verwaltung<\/div>\n\t\t\t\t<div class=\"elementor-post__text\">\n\t\t\t\t<h3 class=\"elementor-post__title\">\n\t\t\t<a href=\"https:\/\/swiss-administration-rpa.ch\/de\/die-bezirksverwaltung-maehrisch-schlesien-spart-durch-die-einfuehrung-von-rpa-8-000-stunden-pro-jahr-ein\/\">\n\t\t\t\tMit dem RPA: \ufffcEinsparung von 8.000 Stunden pro Jahr f\u00fcr die Bezirksbeh\u00f6rde der Region M\u00e4hren-Schlesien.\t\t\t<\/a>\n\t\t<\/h3>\n\t\t\t\t<div class=\"elementor-post__excerpt\">\n\t\t\t<p>Die Bezirksstelle M\u00e4hren-Schlesien f\u00fchrt die Automatisierung von Prozessen im Bereich der Gew\u00e4hrung kostenloser Zusch\u00fcsse f\u00fcr Kessel durch. Ziel des RPA ist es, die Effizienz der<\/p>\n\t\t<\/div>\n\t\t\n\t\t<a class=\"elementor-post__read-more\" href=\"https:\/\/swiss-administration-rpa.ch\/de\/die-bezirksverwaltung-maehrisch-schlesien-spart-durch-die-einfuehrung-von-rpa-8-000-stunden-pro-jahr-ein\/\" aria-label=\"Mehr \u00fcber Mit dem RPA: \ufffcEinsparung von 8.000 Stunden pro Jahr f\u00fcr die Bezirksbeh\u00f6rde der Region M\u00e4hren-Schlesien.\" tabindex=\"-1\">\n\t\t\tWeiterlesen \"\t\t<\/a>\n\n\t\t\t\t<\/div>\n\t\t\t\t\t<\/div>\n\t\t<\/article>\n\t\t\t\t<article class=\"elementor-post elementor-grid-item post-7156 post type-post status-publish format-standard has-post-thumbnail hentry category-offentliche-verwaltung category-unkategorisiert tag-anmut\" role=\"listitem\">\n\t\t\t<div class=\"elementor-post__card\">\n\t\t\t\t<a class=\"elementor-post__thumbnail__link\" href=\"https:\/\/swiss-administration-rpa.ch\/de\/die-gemeinde-straengnaes-spart-dank-automatisierung-vier-millionen-sek-pro-jahr\/\" tabindex=\"-1\"><div class=\"elementor-post__thumbnail\"><img loading=\"lazy\" decoding=\"async\" width=\"2560\" height=\"1707\" src=\"https:\/\/swiss-administration-rpa.ch\/wp-content\/uploads\/2021\/05\/Sans-titre-4_0004_AdobeStock_188440695.jpg\" class=\"attachment-full size-full wp-image-6783\" alt=\"\" srcset=\"https:\/\/swiss-administration-rpa.ch\/wp-content\/uploads\/2021\/05\/Sans-titre-4_0004_AdobeStock_188440695.jpg 2560w, https:\/\/swiss-administration-rpa.ch\/wp-content\/uploads\/2021\/05\/Sans-titre-4_0004_AdobeStock_188440695-300x200.jpg 300w, https:\/\/swiss-administration-rpa.ch\/wp-content\/uploads\/2021\/05\/Sans-titre-4_0004_AdobeStock_188440695-1024x683.jpg 1024w, https:\/\/swiss-administration-rpa.ch\/wp-content\/uploads\/2021\/05\/Sans-titre-4_0004_AdobeStock_188440695-768x512.jpg 768w, https:\/\/swiss-administration-rpa.ch\/wp-content\/uploads\/2021\/05\/Sans-titre-4_0004_AdobeStock_188440695-1536x1024.jpg 1536w, https:\/\/swiss-administration-rpa.ch\/wp-content\/uploads\/2021\/05\/Sans-titre-4_0004_AdobeStock_188440695-2048x1366.jpg 2048w\" sizes=\"(max-width: 2560px) 100vw, 2560px\" \/><\/div><\/a>\n\t\t\t\t<div class=\"elementor-post__badge\">\u00d6ffentliche Verwaltung<\/div>\n\t\t\t\t<div class=\"elementor-post__text\">\n\t\t\t\t<h3 class=\"elementor-post__title\">\n\t\t\t<a href=\"https:\/\/swiss-administration-rpa.ch\/de\/die-gemeinde-straengnaes-spart-dank-automatisierung-vier-millionen-sek-pro-jahr\/\">\n\t\t\t\tAutomatisierung spart der Gemeinde Str\u00e4ngn\u00e4s vier Millionen SEK pro Jahr\t\t\t<\/a>\n\t\t<\/h3>\n\t\t\t\t<div class=\"elementor-post__excerpt\">\n\t\t\t<p>Str\u00e4ngn\u00e4s spart vier Millionen kr (schwedische Kronen) pro Jahr durch die Automatisierung der Verwaltung seines Finanzhilfeverfahrens. Mit RPA ist es der Stadt Str\u00e4ngn\u00e4s gelungen, den<\/p>\n\t\t<\/div>\n\t\t\n\t\t<a class=\"elementor-post__read-more\" href=\"https:\/\/swiss-administration-rpa.ch\/de\/die-gemeinde-straengnaes-spart-dank-automatisierung-vier-millionen-sek-pro-jahr\/\" aria-label=\"Mehr \u00fcber Automatisierung spart der Gemeinde Str\u00e4ngn\u00e4s vier Millionen SEK pro Jahr\" tabindex=\"-1\">\n\t\t\tWeiterlesen \"\t\t<\/a>\n\n\t\t\t\t<\/div>\n\t\t\t\t\t<\/div>\n\t\t<\/article>\n\t\t\t\t<article class=\"elementor-post elementor-grid-item post-7189 post type-post status-publish format-standard has-post-thumbnail hentry category-offentliche-verwaltung category-unkategorisiert tag-emily-de\" role=\"listitem\">\n\t\t\t<div class=\"elementor-post__card\">\n\t\t\t\t<a class=\"elementor-post__thumbnail__link\" href=\"https:\/\/swiss-administration-rpa.ch\/de\/grossbritanniens-groesste-regierungsbehoerde-transformiert-geschaeftsprozesse-mit-rpa\/\" tabindex=\"-1\"><div class=\"elementor-post__thumbnail\"><img loading=\"lazy\" decoding=\"async\" width=\"2560\" height=\"1707\" src=\"https:\/\/swiss-administration-rpa.ch\/wp-content\/uploads\/2021\/05\/Sans-titre-4_0005_AdobeStock_197332393.jpg\" class=\"attachment-full size-full wp-image-6781\" alt=\"\" srcset=\"https:\/\/swiss-administration-rpa.ch\/wp-content\/uploads\/2021\/05\/Sans-titre-4_0005_AdobeStock_197332393.jpg 2560w, https:\/\/swiss-administration-rpa.ch\/wp-content\/uploads\/2021\/05\/Sans-titre-4_0005_AdobeStock_197332393-300x200.jpg 300w, https:\/\/swiss-administration-rpa.ch\/wp-content\/uploads\/2021\/05\/Sans-titre-4_0005_AdobeStock_197332393-1024x683.jpg 1024w, https:\/\/swiss-administration-rpa.ch\/wp-content\/uploads\/2021\/05\/Sans-titre-4_0005_AdobeStock_197332393-768x512.jpg 768w, https:\/\/swiss-administration-rpa.ch\/wp-content\/uploads\/2021\/05\/Sans-titre-4_0005_AdobeStock_197332393-1536x1024.jpg 1536w, https:\/\/swiss-administration-rpa.ch\/wp-content\/uploads\/2021\/05\/Sans-titre-4_0005_AdobeStock_197332393-2048x1366.jpg 2048w\" sizes=\"(max-width: 2560px) 100vw, 2560px\" \/><\/div><\/a>\n\t\t\t\t<div class=\"elementor-post__badge\">\u00d6ffentliche Verwaltung<\/div>\n\t\t\t\t<div class=\"elementor-post__text\">\n\t\t\t\t<h3 class=\"elementor-post__title\">\n\t\t\t<a href=\"https:\/\/swiss-administration-rpa.ch\/de\/grossbritanniens-groesste-regierungsbehoerde-transformiert-geschaeftsprozesse-mit-rpa\/\">\n\t\t\t\tErfahren Sie, wie RPA die gr\u00f6\u00dfte britische Regierungsbeh\u00f6rde ver\u00e4ndert.\t\t\t<\/a>\n\t\t<\/h3>\n\t\t\t\t<div class=\"elementor-post__excerpt\">\n\t\t\t<p>Das Department of Work and Pensions (DWP) ist die gr\u00f6\u00dfte Regierungsbeh\u00f6rde im Vereinigten K\u00f6nigreich. Seine Aufgabe ist die Bereitstellung von Sozial- und Rentendiensten. Das Ziel<\/p>\n\t\t<\/div>\n\t\t\n\t\t<a class=\"elementor-post__read-more\" href=\"https:\/\/swiss-administration-rpa.ch\/de\/grossbritanniens-groesste-regierungsbehoerde-transformiert-geschaeftsprozesse-mit-rpa\/\" aria-label=\"Mehr \u00fcber Erfahren Sie, wie RPA die gr\u00f6\u00dfte britische Regierungsbeh\u00f6rde ver\u00e4ndert.\" tabindex=\"-1\">\n\t\t\tWeiterlesen \"\t\t<\/a>\n\n\t\t\t\t<\/div>\n\t\t\t\t\t<\/div>\n\t\t<\/article>\n\t\t\t\t<\/div>\n\t\t\t\t\t<span class=\"e-load-more-spinner\">\n\t\t\t\t<i aria-hidden=\"true\" class=\"fas fa-spinner\"><\/i>\t\t\t<\/span>\n\t\t\n\t\t\t\t<div class=\"e-load-more-anchor\" data-page=\"1\" data-max-page=\"2\" data-next-page=\"https:\/\/swiss-administration-rpa.ch\/de\/wp-json\/wp\/v2\/pages\/7094\/page\/2\/\"><\/div>\n\t\t\t\t<div class=\"e-load-more-message\"><\/div>\n\t\t\t\t\t\t<\/div>\n\t\t\t\t<\/div>\n\t\t\t\t\t<\/div>\n\t\t<\/div>\n\t\t\t\t\t<\/div>\n\t\t<\/section>\n\t\t\t\t<section class=\"elementor-section elementor-top-section elementor-element elementor-element-50a5c3b elementor-section-boxed elementor-section-height-default elementor-section-height-default\" data-id=\"50a5c3b\" data-element_type=\"section\" data-e-type=\"section\" data-settings=\"{&quot;background_background&quot;:&quot;classic&quot;}\">\n\t\t\t\t\t\t<div class=\"elementor-container elementor-column-gap-default\">\n\t\t\t\t\t<div class=\"elementor-column elementor-col-100 elementor-top-column elementor-element elementor-element-58eefd8\" data-id=\"58eefd8\" data-element_type=\"column\" data-e-type=\"column\">\n\t\t\t<div class=\"elementor-widget-wrap elementor-element-populated\">\n\t\t\t\t\t\t<div class=\"elementor-element elementor-element-a2165b5 elementor-align-center elementor-widget elementor-widget-button\" data-id=\"a2165b5\" data-element_type=\"widget\" data-e-type=\"widget\" data-settings=\"{&quot;_animation_mobile&quot;:&quot;fadeInLeft&quot;}\" data-widget_type=\"button.default\">\n\t\t\t\t<div class=\"elementor-widget-container\">\n\t\t\t\t\t\t\t\t\t<div class=\"elementor-button-wrapper\">\n\t\t\t\t\t<a class=\"elementor-button elementor-button-link elementor-size-md elementor-animation-grow\" href=\"https:\/\/swiss-administration-rpa.ch\/de\/#contact\">\n\t\t\t\t\t\t<span class=\"elementor-button-content-wrapper\">\n\t\t\t\t\t\t\t\t\t<span class=\"elementor-button-text\">N\u00e4chste Seite &gt; Kontaktieren Sie uns!<\/span>\n\t\t\t\t\t<\/span>\n\t\t\t\t\t<\/a>\n\t\t\t\t<\/div>\n\t\t\t\t\t\t\t\t<\/div>\n\t\t\t\t<\/div>\n\t\t\t\t\t<\/div>\n\t\t<\/div>\n\t\t\t\t\t<\/div>\n\t\t<\/section>\n\t\t\t\t<\/div>\n\t\t","protected":false},"excerpt":{"rendered":"<p>Die Zukunft geh\u00f6rt denen, die fr\u00fch automatisieren. RPA-Anwendungsf\u00e4lle Finden Sie hier die neuesten Anwendungsf\u00e4lle von RPA mit \u00f6ffentlichen Verwaltungen: N\u00e4chste Seite &gt; Kontaktieren Sie uns!<\/p>\n","protected":false},"author":2,"featured_media":0,"parent":0,"menu_order":0,"comment_status":"closed","ping_status":"closed","template":"","meta":{"footnotes":""},"class_list":["post-7094","page","type-page","status-publish","hentry"],"_links":{"self":[{"href":"https:\/\/swiss-administration-rpa.ch\/de\/wp-json\/wp\/v2\/pages\/7094","targetHints":{"allow":["GET"]}}],"collection":[{"href":"https:\/\/swiss-administration-rpa.ch\/de\/wp-json\/wp\/v2\/pages"}],"about":[{"href":"https:\/\/swiss-administration-rpa.ch\/de\/wp-json\/wp\/v2\/types\/page"}],"author":[{"embeddable":true,"href":"https:\/\/swiss-administration-rpa.ch\/de\/wp-json\/wp\/v2\/users\/2"}],"replies":[{"embeddable":true,"href":"https:\/\/swiss-administration-rpa.ch\/de\/wp-json\/wp\/v2\/comments?post=7094"}],"version-history":[{"count":4,"href":"https:\/\/swiss-administration-rpa.ch\/de\/wp-json\/wp\/v2\/pages\/7094\/revisions"}],"predecessor-version":[{"id":7294,"href":"https:\/\/swiss-administration-rpa.ch\/de\/wp-json\/wp\/v2\/pages\/7094\/revisions\/7294"}],"wp:attachment":[{"href":"https:\/\/swiss-administration-rpa.ch\/de\/wp-json\/wp\/v2\/media?parent=7094"}],"curies":[{"name":"wp","href":"https:\/\/api.w.org\/{rel}","templated":true}]}}